{"id":20,"date":"2009-02-28T23:38:04","date_gmt":"2009-02-28T22:38:04","guid":{"rendered":"http:\/\/www.kosoks.de\/Kosoksblog\/wordpress\/?page_id=20"},"modified":"2021-09-12T03:21:01","modified_gmt":"2021-09-12T02:21:01","slug":"impressum","status":"publish","type":"page","link":"http:\/\/www.kosoks.de\/Kosoksblog\/wordpress\/?page_id=20","title":{"rendered":"Impressum"},"content":{"rendered":"<p>Dies ist eine <em>private<\/em> Homepage. F\u00fcr den Inhalt extern verlinkter Seiten, wie auch f\u00fcr Kommentare, die nicht von mir stammen, \u00fcbernehme ich keinerlei Haftung. Ich beachte das Urheberrecht, f\u00fcr kommerzielle Zwecke d\u00fcrfen Inhalte meiner Seite nur bei vorheriger Erlaubnis verwendet werden!<\/p>\n<p><strong>Anschrift:<\/strong><br \/>\nDaniel Kosok<br \/>\nF\u00f6hrigstr. 24 a<br \/>\n95482 Gefrees<\/p>\n<p><strong>Telefon:<\/strong><br \/>\n09254 953353<\/p>\n<p><strong>E-Mail:<\/strong><br \/>\nnurgutes@kosoks.de<\/p>\n<p><strong>Inhaltlich Verantwortlicher gem. \u00a7 55 RStV:<\/strong><br \/>\nDaniel Kosok (Adresse s.o.)<\/p>\n<p><strong>Datenschutz:<\/strong><br \/>\nAuf dieser Website werden personenbezogene Daten <em>nur im technisch notwendigen Umfang<\/em> erhoben. In keinem Fall werden die erhobenen Daten verkauft oder aus anderen Gr\u00fcnden an Dritte weitergegeben.<\/p>\n<p>Zur statistischen Auswertung werden bei jedem Zugriff folgende Daten automatisch vom Webserver in einem Logfile gespeichert:<\/p>\n<p>Angeforderte Datei(en), IP-Adresse, Datum und Uhrzeit, Referer (wenn vorhanden), Verwendete Browser und Betriebssysteme<\/p>\n<p>Durch das Kommentieren einzelner Beitr\u00e4ge werden zus\u00e4tzliche weitere Daten auf dem Server gespeichert, diese werden jedoch nicht in die statistische Auswertung mit einbezogen.:<\/p>\n<p>Name, E-Mail-Adresse, Website (wenn angegeben)<\/p>\n<p>Mit Ausnahme der E-Mail-Adresse werden diese Daten auf dieser Website ver\u00f6ffentlicht und per Feed angeboten.<\/p>\n<p>Die Website setzt au\u00dferdem sogenannte \u00bbCookies\u00ab ein. Cookies sind kleine Textdateien, die auf deinem Rechner abgelegt werden und die dein Browser speichert. Die meisten der verwendeten Cookies sind \u00bbSession-Cookies\u00ab. Sie werden nach Ende eines Besuchs automatisch gel\u00f6scht. Cookies richten auf einem Rechner keinen Schaden an und enthalten keine Viren.<\/p>\n\n\n<p>Seid h\u00f6flich und kommentiert auf Deutsch. Danke.<\/p>\n","protected":false},"excerpt":{"rendered":"<p>Dies ist eine private Homepage. F\u00fcr den Inhalt extern verlinkter Seiten, wie auch f\u00fcr Kommentare, die nicht von mir stammen, \u00fcbernehme ich keinerlei Haftung. Ich beachte das Urheberrecht, f\u00fcr kommerzielle Zwecke d\u00fcrfen Inhalte meiner Seite nur bei vorheriger Erlaubnis verwendet &hellip; <a href=\"http:\/\/www.kosoks.de\/Kosoksblog\/wordpress\/?page_id=20\">Read the rest of this entry <span class=\"meta-nav\">&rarr;<\/span><\/a><\/p>\n","protected":false},"author":2,"featured_media":0,"parent":0,"menu_order":0,"comment_status":"open","ping_status":"open","template":"","meta":[],"_links":{"self":[{"href":"http:\/\/www.kosoks.de\/Kosoksblog\/wordpress\/index.php?rest_route=\/wp\/v2\/pages\/20"}],"collection":[{"href":"http:\/\/www.kosoks.de\/Kosoksblog\/wordpress\/index.php?rest_route=\/wp\/v2\/pages"}],"about":[{"href":"http:\/\/www.kosoks.de\/Kosoksblog\/wordpress\/index.php?rest_route=\/wp\/v2\/types\/page"}],"author":[{"embeddable":true,"href":"http:\/\/www.kosoks.de\/Kosoksblog\/wordpress\/index.php?rest_route=\/wp\/v2\/users\/2"}],"replies":[{"embeddable":true,"href":"http:\/\/www.kosoks.de\/Kosoksblog\/wordpress\/index.php?rest_route=%2Fwp%2Fv2%2Fcomments&post=20"}],"version-history":[{"count":8,"href":"http:\/\/www.kosoks.de\/Kosoksblog\/wordpress\/index.php?rest_route=\/wp\/v2\/pages\/20\/revisions"}],"predecessor-version":[{"id":632,"href":"http:\/\/www.kosoks.de\/Kosoksblog\/wordpress\/index.php?rest_route=\/wp\/v2\/pages\/20\/revisions\/632"}],"wp:attachment":[{"href":"http:\/\/www.kosoks.de\/Kosoksblog\/wordpress\/index.php?rest_route=%2Fwp%2Fv2%2Fmedia&parent=20"}],"curies":[{"name":"wp","href":"https:\/\/api.w.org\/{rel}","templated":true}]}}